{"id":1016,"date":"2023-01-09T21:31:16","date_gmt":"2023-01-09T20:31:16","guid":{"rendered":"https:\/\/apvm34.fr\/?page_id=1016"},"modified":"2024-04-16T21:29:44","modified_gmt":"2024-04-16T19:29:44","slug":"cagnotte-en-ligne-aidez-nous","status":"publish","type":"page","link":"https:\/\/apvm34.fr\/index.php\/cagnotte-en-ligne-aidez-nous\/","title":{"rendered":"CAGNOTTE EN LIGNE : AIDEZ-NOUS !"},"content":{"rendered":"\n<p><\/p>\n\n\n\n<p class=\"has-text-align-center\"><strong>PR\u00c9SERVONS LE VIVANT ET LA BIODIVERSIT\u00c9 !<\/strong><\/p>\n\n\n\n<p>Montpeyroux est un village d&rsquo;environ 1380 habitants, situ\u00e9 en c\u0153ur d&rsquo;H\u00e9rault, pr\u00e8s d&rsquo;une zone Natura 2000, au pied des Grands Causses et du Larzac.<\/p>\n\n\n\n<p>Le 29\/09\/2022 l&rsquo;\u00e9quipe municipale de notre village a vot\u00e9 la cr\u00e9ation d&rsquo;un nouveau quartier par la construction de 81 logements et \u00e9quipements ludiques et sportifs sur environ 8 ha de terres agricoles. Pour ce faire une ZAC (Zone d&rsquo;Am\u00e9nagement Concert\u00e9e) \u00ab les Pr\u00e9s de la Dysse \u00bb a \u00e9t\u00e9 \u00e9tablie.<\/p>\n\n\n\n<p>Notre association \u00ab Agir pour le Vivant \u00e0 Montpeyroux 34 \u00bb (<strong>APVM34<\/strong>) s&rsquo;est cr\u00e9\u00e9e en opposition \u00e0 ce projet.<\/p>\n\n\n\n<p><\/p>\n\n\n\n<p class=\"has-text-align-center\"><strong><u>Nous d\u00e9non\u00e7ons<\/u><\/strong> :<\/p>\n\n\n\n<p>\u2013 La b\u00e9tonisation de terres fertiles, l&rsquo;imperm\u00e9abilisation des sols et la destruction de la biodiversit\u00e9<\/p>\n\n\n\n<p>\u2013 Le manque de projection sur la ressource en eau \u00e0 long terme et l&rsquo;absence d&rsquo;\u00e9tude environnementale actualis\u00e9e<\/p>\n\n\n\n<p>\u2013 La cr\u00e9ation de nouvelles infrastructures routi\u00e8res polluantes traversant le village<\/p>\n\n\n\n<p><\/p>\n\n\n\n<p class=\"has-text-align-center\"><strong><u>Nous demandons<\/u><\/strong> :<\/p>\n\n\n\n<p>\u2013 Une nouvelle \u00e9tude environnementale sur une ann\u00e9e en raison de l&rsquo;urgence climatique<\/p>\n\n\n\n<p>\u2013 L&rsquo;arr\u00eat imm\u00e9diat du projet \u00ab ZAC les Pr\u00e9s de la Dysse \u00bb<\/p>\n\n\n\n<p>\u2013 L&rsquo;accueil d&rsquo;un habitat <strong>en insertion<\/strong> dans le village par la r\u00e9habilitation des logements vacants existants et le renoncement \u00e0 toutes autres constructions pr\u00e9vues dans le projet.<\/p>\n\n\n\n<p>\u2013 Un dialogue citoyen et d\u00e9mocratique par la consultation et la participation des habitants \u00e0 toutes d\u00e9cisions concernant l&rsquo;avenir et l&rsquo;urbanisation de notre village.<\/p>\n\n\n\n<p>Plusieurs actions ont \u00e9t\u00e9 men\u00e9es et m\u00e9diatis\u00e9es jusque-l\u00e0 et nous avons besoin de lasolidarit\u00e9 et du soutien du plus grand nombre pour poursuivre nos futures actions.<\/p>\n\n\n\n<p class=\"has-text-align-center\"><strong>DISONS OUI AU VIVANT ET AU RESPECT DE LA NATURE !<\/strong><\/p>\n\n\n\n<p><\/p>\n\n\n\n<p><\/p>\n\n\n<p>\u00a0<\/p>\n<p style=\"text-align: center;\"><span style=\"font-size: 14pt;\"><strong>SI VOUS VOULEZ SOUTENIR NOS ACTIONS AVEC UN DON MERCI DE CLIQUER SUR LE BOUTON CI-DESSOUS :<\/strong><\/span><\/p>\n<p><iframe id=\"haWidget\" style=\"width: 100%; height: 70px; border: none;\" src=\"https:\/\/www.helloasso.com\/associations\/agir-pour-le-vivant-a-montpeyroux-34-apvm34\/formulaires\/1\/widget-bouton\"><\/iframe><\/p>","protected":false},"excerpt":{"rendered":"<p>PR\u00c9SERVONS LE VIVANT ET LA BIODIVERSIT\u00c9 ! Montpeyroux est un village d&rsquo;environ 1380 habitants, situ\u00e9 en c\u0153ur d&rsquo;H\u00e9rault, pr\u00e8s d&rsquo;une zone Natura 2000, au pied des Grands Causses et du Larzac. Le 29\/09\/2022 l&rsquo;\u00e9quipe municipale de notre village a vot\u00e9 la cr\u00e9ation d&rsquo;un nouveau quartier par la construction de 81 logements et \u00e9quipements ludiques et &hellip; <\/p>\n<p class=\"link-more\"><a href=\"https:\/\/apvm34.fr\/index.php\/cagnotte-en-ligne-aidez-nous\/\" class=\"more-link\">Continuer la lecture<span class=\"screen-reader-text\"> de &laquo;&nbsp;CAGNOTTE EN LIGNE : AIDEZ-NOUS !&nbsp;&raquo;<\/span><\/a><\/p>\n","protected":false},"author":1,"featured_media":0,"parent":0,"menu_order":0,"comment_status":"closed","ping_status":"closed","template":"","meta":{"footnotes":""},"class_list":["post-1016","page","type-page","status-publish","hentry"],"_links":{"self":[{"href":"https:\/\/apvm34.fr\/index.php\/wp-json\/wp\/v2\/pages\/1016","targetHints":{"allow":["GET"]}}],"collection":[{"href":"https:\/\/apvm34.fr\/index.php\/wp-json\/wp\/v2\/pages"}],"about":[{"href":"https:\/\/apvm34.fr\/index.php\/wp-json\/wp\/v2\/types\/page"}],"author":[{"embeddable":true,"href":"https:\/\/apvm34.fr\/index.php\/wp-json\/wp\/v2\/users\/1"}],"replies":[{"embeddable":true,"href":"https:\/\/apvm34.fr\/index.php\/wp-json\/wp\/v2\/comments?post=1016"}],"version-history":[{"count":9,"href":"https:\/\/apvm34.fr\/index.php\/wp-json\/wp\/v2\/pages\/1016\/revisions"}],"predecessor-version":[{"id":1119,"href":"https:\/\/apvm34.fr\/index.php\/wp-json\/wp\/v2\/pages\/1016\/revisions\/1119"}],"wp:attachment":[{"href":"https:\/\/apvm34.fr\/index.php\/wp-json\/wp\/v2\/media?parent=1016"}],"curies":[{"name":"wp","href":"https:\/\/api.w.org\/{rel}","templated":true}]}}